{"id":1253,"date":"2019-08-23T07:19:00","date_gmt":"2019-08-23T07:19:00","guid":{"rendered":"http:\/\/dev2.wpopal.com\/fundor\/?page_id=1253"},"modified":"2022-06-05T14:28:01","modified_gmt":"2022-06-05T14:28:01","slug":"identidad","status":"publish","type":"page","link":"http:\/\/terciariascapuchinasafrica.org\/index.php\/identidad\/","title":{"rendered":"Identidad"},"content":{"rendered":"\t\t<div data-elementor-type=\"wp-post\" data-elementor-id=\"1253\" class=\"elementor elementor-1253\">\n\t\t\t\t\t\t\t\t\t<section class=\"elementor-section elementor-top-section elementor-element elementor-element-2589f6c elementor-section-stretched elementor-section-boxed elementor-section-height-default elementor-section-height-default\" data-id=\"2589f6c\" data-element_type=\"section\" data-settings=\"{&quot;stretch_section&quot;:&quot;section-stretched&quot;,&quot;background_background&quot;:&quot;classic&quot;}\">\n\t\t\t\t\t\t<div class=\"elementor-container elementor-column-gap-no\">\n\t\t\t\t\t<div class=\"elementor-column elementor-col-100 elementor-top-column elementor-element elementor-element-3f5f185\" data-id=\"3f5f185\" data-element_type=\"column\">\n\t\t\t<div class=\"elementor-widget-wrap elementor-element-populated\">\n\t\t\t\t\t\t\t\t<div class=\"elementor-element elementor-element-4aa685b elementor-align-left elementor-absolute elementor-widget elementor-widget-heading\" data-id=\"4aa685b\" data-element_type=\"widget\" data-settings=\"{&quot;_position&quot;:&quot;absolute&quot;}\" data-widget_type=\"heading.default\">\n\t\t\t\t<div class=\"elementor-widget-container\">\n\t\t\t<style>\/*! elementor - v3.6.4 - 13-04-2022 *\/\n.elementor-heading-title{padding:0;margin:0;line-height:1}.elementor-widget-heading .elementor-heading-title[class*=elementor-size-]>a{color:inherit;font-size:inherit;line-height:inherit}.elementor-widget-heading .elementor-heading-title.elementor-size-small{font-size:15px}.elementor-widget-heading .elementor-heading-title.elementor-size-medium{font-size:19px}.elementor-widget-heading .elementor-heading-title.elementor-size-large{font-size:29px}.elementor-widget-heading .elementor-heading-title.elementor-size-xl{font-size:39px}.elementor-widget-heading .elementor-heading-title.elementor-size-xxl{font-size:59px}<\/style><h2 class=\"elementor-heading-title elementor-size-default\">Identidad<\/h2>\t\t<\/div>\n\t\t\t\t<\/div>\n\t\t\t\t<section class=\"elementor-section elementor-inner-section elementor-element elementor-element-45b0617 elementor-section-boxed elementor-section-height-default elementor-section-height-default\" data-id=\"45b0617\" data-element_type=\"section\">\n\t\t\t\t\t\t<div class=\"elementor-container elementor-column-gap-no\">\n\t\t\t\t\t<div class=\"elementor-column elementor-col-100 elementor-inner-column elementor-element elementor-element-51df8b3\" data-id=\"51df8b3\" data-element_type=\"column\">\n\t\t\t<div class=\"elementor-widget-wrap elementor-element-populated\">\n\t\t\t\t\t\t\t\t<div class=\"elementor-element elementor-element-201338e elementor-widget elementor-widget-text-editor\" data-id=\"201338e\" data-element_type=\"widget\" data-widget_type=\"text-editor.default\">\n\t\t\t\t<div class=\"elementor-widget-container\">\n\t\t\t<style>\/*! elementor - v3.6.4 - 13-04-2022 *\/\n.elementor-widget-text-editor.elementor-drop-cap-view-stacked .elementor-drop-cap{background-color:#818a91;color:#fff}.elementor-widget-text-editor.elementor-drop-cap-view-framed .elementor-drop-cap{color:#818a91;border:3px solid;background-color:transparent}.elementor-widget-text-editor:not(.elementor-drop-cap-view-default) .elementor-drop-cap{margin-top:8px}.elementor-widget-text-editor:not(.elementor-drop-cap-view-default) .elementor-drop-cap-letter{width:1em;height:1em}.elementor-widget-text-editor .elementor-drop-cap{float:left;text-align:center;line-height:1;font-size:50px}.elementor-widget-text-editor .elementor-drop-cap-letter{display:inline-block}<\/style>        <div class=\"elementor-text-editor elementor-clearfix\"><p>Nuestra Congregaci\u00f3n fue fundada el 11 de mayo de 1885, en el Santuario de Ntra. Sra. de Montiel, Benaguacil \u2013 Valencia \u2013 ESPA\u00d1A, siendo aprobada por el Papa Le\u00f3n XIII el 25 de marzo de 1902.<br \/>El nombre que nos dio Luis Amig\u00f3, nuestro Fundador, define nuestra identidad.<\/p><h4><b>Hermanas:\u00a0<\/b>As\u00ed nos pens\u00f3 nuestro Fundador desde las primeras Constituciones de 1885:<\/h4><p>\u201cA diferencia de otras Congregaciones en las que se distinguen las Hermanas unas de otras, llam\u00e1ndose unas de Coro o Madres, y de obediencia o Legas las otras, en esta Congregaci\u00f3n no habr\u00e1 distinciones entre las Religiosas\u2026\u201d (OCLA 2294).<br \/>Y el Documento final de nuestro XXII Cap\u00edtulo general (2016) sigue subrayando nuestro ser hermanas, llamadas a vivir la profec\u00eda de la compasi\u00f3n y la misericordia:<br \/>hermanas que contemplamos y nos sorprendemos ante la presencia integradora de Dios,<br \/>hermanas que amamos, acogemos y abrazamos la fraternidad desde su realidad humanizante y sanadora<\/p><p>-Hermanas menores seducidas por la peque\u00f1ez,<br \/>-Hermanas misericordiosas que respondemos al imperativo de la proximidad,<br \/>-Hermanas en misi\u00f3n, con una presencia fraterna, menor y misericordiosa que impulsa a la audacia de la compasi\u00f3n,<br \/>-Hermanas interculturadas, que testimoniamos la profec\u00eda de la comuni\u00f3n fraterna<\/p><p><b>Terciarias:\u00a0<\/b>Pertenecemos a la gran familia franciscana, profesando la Regla de la Tercera Orden Regular de san Francisco<br \/><b>Capuchinas:<\/b>\u00a0Un matiz especial dentro de la familia franciscana, como capuchino era nuestro Fundador:<\/p><p>\u201cCada Orden y Congregaci\u00f3n tiene su esp\u00edritu propio, conforme a la misi\u00f3n alt\u00edsima que el Se\u00f1or le conf\u00eda; y el de nuestro Instituto, rama del tronco franciscano y por a\u00f1adidura capuchino, debe estar basado en una profunda humildad y obediencia, y una total pobreza\u201d (OCLA 1920)<\/p><p><b>De la Sagrada Familia:<\/b>\u00a0Desde que el Padre Luis nos pens\u00f3, no dud\u00f3 en llamarnos \u201cde la Sagrada Familia\u201d, tal vez por todo lo que \u00e9l hab\u00eda vivido de esta devoci\u00f3n y movimiento en la Iglesia, pero de manera particular, por el recuerdo y el signo que dej\u00f3 en su coraz\u00f3n el ni\u00f1o abandonado envuelto en unos \u201ctrapujos\u201d a la puerta del convento de Montehano \u2013 Cantabria (Espa\u00f1a) donde resid\u00eda en ese momento, como joven capuchino; en la cesta hallaron un escrito que dec\u00eda: \u201cNo est\u00e1 bautizado; se le pondr\u00e1 por nombre Jes\u00fas, Mar\u00eda y Jos\u00e9\u201d. Este ni\u00f1o fue la primera persona a quien bautiz\u00f3 el Padre Luis (cf. OCLA 51).-<\/p><\/div>\n        \t\t<\/div>\n\t\t\t\t<\/div>\n\t\t\t\t\t<\/div>\n\t\t<\/div>\n\t\t\t\t\t\t\t<\/div>\n\t\t<\/section>\n\t\t\t\t\t<\/div>\n\t\t<\/div>\n\t\t\t\t\t\t\t<\/div>\n\t\t<\/section>\n\t\t\t\t\t\t\t<\/div>\n\t\t","protected":false},"excerpt":{"rendered":"<p>Identidad Nuestra Congregaci\u00f3n fue fundada el 11 de mayo de 1885, en el Santuario de Ntra. Sra. de Montiel, Benaguacil \u2013 Valencia \u2013 ESPA\u00d1A, siendo aprobada por el Papa Le\u00f3n XIII el 25 de marzo de 1902.El nombre que nos dio Luis Amig\u00f3, nuestro Fundador, define nuestra identidad. Hermanas:\u00a0As\u00ed nos pens\u00f3 nuestro Fundador desde las [&hellip;]<\/p>\n","protected":false},"author":1,"featured_media":0,"parent":0,"menu_order":0,"comment_status":"closed","ping_status":"closed","template":"page-elementor.php","meta":{"om_disable_all_campaigns":false,"inline_featured_image":false,"_monsterinsights_skip_tracking":false,"_monsterinsights_sitenote_active":false,"_monsterinsights_sitenote_note":"","_monsterinsights_sitenote_category":0},"_links":{"self":[{"href":"http:\/\/terciariascapuchinasafrica.org\/index.php\/wp-json\/wp\/v2\/pages\/1253"}],"collection":[{"href":"http:\/\/terciariascapuchinasafrica.org\/index.php\/wp-json\/wp\/v2\/pages"}],"about":[{"href":"http:\/\/terciariascapuchinasafrica.org\/index.php\/wp-json\/wp\/v2\/types\/page"}],"author":[{"embeddable":true,"href":"http:\/\/terciariascapuchinasafrica.org\/index.php\/wp-json\/wp\/v2\/users\/1"}],"replies":[{"embeddable":true,"href":"http:\/\/terciariascapuchinasafrica.org\/index.php\/wp-json\/wp\/v2\/comments?post=1253"}],"version-history":[{"count":22,"href":"http:\/\/terciariascapuchinasafrica.org\/index.php\/wp-json\/wp\/v2\/pages\/1253\/revisions"}],"predecessor-version":[{"id":9324,"href":"http:\/\/terciariascapuchinasafrica.org\/index.php\/wp-json\/wp\/v2\/pages\/1253\/revisions\/9324"}],"wp:attachment":[{"href":"http:\/\/terciariascapuchinasafrica.org\/index.php\/wp-json\/wp\/v2\/media?parent=1253"}],"curies":[{"name":"wp","href":"https:\/\/api.w.org\/{rel}","templated":true}]}}