{"id":9074,"date":"2022-06-02T13:20:27","date_gmt":"2022-06-02T13:20:27","guid":{"rendered":"http:\/\/terciariascapuchinasafrica.org\/?page_id=9074"},"modified":"2022-06-05T14:47:46","modified_gmt":"2022-06-05T14:47:46","slug":"historia-de-la-congregacion","status":"publish","type":"page","link":"http:\/\/terciariascapuchinasafrica.org\/index.php\/historia-de-la-congregacion\/","title":{"rendered":"Historia de la Congregaci\u00f3n"},"content":{"rendered":"\t\t<div data-elementor-type=\"wp-post\" data-elementor-id=\"9074\" class=\"elementor elementor-9074\">\n\t\t\t\t\t\t\t\t\t<section class=\"elementor-section elementor-top-section elementor-element elementor-element-2589f6c elementor-section-stretched elementor-section-boxed elementor-section-height-default elementor-section-height-default\" data-id=\"2589f6c\" data-element_type=\"section\" data-settings=\"{&quot;stretch_section&quot;:&quot;section-stretched&quot;,&quot;background_background&quot;:&quot;classic&quot;}\">\n\t\t\t\t\t\t<div class=\"elementor-container elementor-column-gap-no\">\n\t\t\t\t\t<div class=\"elementor-column elementor-col-100 elementor-top-column elementor-element elementor-element-3f5f185\" data-id=\"3f5f185\" data-element_type=\"column\">\n\t\t\t<div class=\"elementor-widget-wrap elementor-element-populated\">\n\t\t\t\t\t\t\t\t<div class=\"elementor-element elementor-element-4aa685b elementor-align-left elementor-absolute elementor-widget elementor-widget-heading\" data-id=\"4aa685b\" data-element_type=\"widget\" data-settings=\"{&quot;_position&quot;:&quot;absolute&quot;}\" data-widget_type=\"heading.default\">\n\t\t\t\t<div class=\"elementor-widget-container\">\n\t\t\t<style>\/*! elementor - v3.6.4 - 13-04-2022 *\/\n.elementor-heading-title{padding:0;margin:0;line-height:1}.elementor-widget-heading .elementor-heading-title[class*=elementor-size-]>a{color:inherit;font-size:inherit;line-height:inherit}.elementor-widget-heading .elementor-heading-title.elementor-size-small{font-size:15px}.elementor-widget-heading .elementor-heading-title.elementor-size-medium{font-size:19px}.elementor-widget-heading .elementor-heading-title.elementor-size-large{font-size:29px}.elementor-widget-heading .elementor-heading-title.elementor-size-xl{font-size:39px}.elementor-widget-heading .elementor-heading-title.elementor-size-xxl{font-size:59px}<\/style><h2 class=\"elementor-heading-title elementor-size-default\">Historia de la Congregaci\u00f3n<\/h2>\t\t<\/div>\n\t\t\t\t<\/div>\n\t\t\t\t<section class=\"elementor-section elementor-inner-section elementor-element elementor-element-45b0617 elementor-section-boxed elementor-section-height-default elementor-section-height-default\" data-id=\"45b0617\" data-element_type=\"section\">\n\t\t\t\t\t\t<div class=\"elementor-container elementor-column-gap-no\">\n\t\t\t\t\t<div class=\"elementor-column elementor-col-100 elementor-inner-column elementor-element elementor-element-51df8b3\" data-id=\"51df8b3\" data-element_type=\"column\">\n\t\t\t<div class=\"elementor-widget-wrap elementor-element-populated\">\n\t\t\t\t\t\t\t\t<div class=\"elementor-element elementor-element-201338e elementor-widget elementor-widget-text-editor\" data-id=\"201338e\" data-element_type=\"widget\" data-widget_type=\"text-editor.default\">\n\t\t\t\t<div class=\"elementor-widget-container\">\n\t\t\t<style>\/*! elementor - v3.6.4 - 13-04-2022 *\/\n.elementor-widget-text-editor.elementor-drop-cap-view-stacked .elementor-drop-cap{background-color:#818a91;color:#fff}.elementor-widget-text-editor.elementor-drop-cap-view-framed .elementor-drop-cap{color:#818a91;border:3px solid;background-color:transparent}.elementor-widget-text-editor:not(.elementor-drop-cap-view-default) .elementor-drop-cap{margin-top:8px}.elementor-widget-text-editor:not(.elementor-drop-cap-view-default) .elementor-drop-cap-letter{width:1em;height:1em}.elementor-widget-text-editor .elementor-drop-cap{float:left;text-align:center;line-height:1;font-size:50px}.elementor-widget-text-editor .elementor-drop-cap-letter{display:inline-block}<\/style>        <div class=\"elementor-text-editor elementor-clearfix\"><div class=\"elementor-element elementor-element-1b634961 elementor-widget elementor-widget-text-editor\" data-id=\"1b634961\" data-element_type=\"widget\" data-widget_type=\"text-editor.default\"><div class=\"elementor-widget-container\"><div class=\"elementor-text-editor elementor-clearfix\"><p>La historia de las Hermanas Terciarias Capuchinas de la Sagrada Familia empez\u00f3 el 11 de mayo de 1885, en el Santuario \u201cNuestra Se\u00f1ora de Montiel\u201d (Valencia \u2013 Espa\u00f1a).<\/p><p><img loading=\"lazy\" class=\"alignleft wp-image-3909\" src=\"https:\/\/www.terciariascapuchinas.es\/wp-content\/uploads\/2020\/12\/Padre-Luis-entregando-las-Constituciones-224x300.jpg\" alt=\"\" width=\"313\" height=\"420\" \/>Su Fundador, el joven sacerdote capuchino Fray Luis Amig\u00f3 (1854 \u2013 1934), hab\u00eda gestado su fundaci\u00f3n manteni\u00e9ndose atento a los signos que Dios le manifestaba a lo largo de su ministerio y, acogiendo la inquietud de personas deseosas de\u00a0 consagrarse a Dios, escribi\u00f3 unas Constituciones (cf. OCLA 68), que reflejaban el esp\u00edritu franciscano-capuchino y propon\u00edan un compromiso de vida consagrada que conjugaba la contemplaci\u00f3n y la entrega sol\u00edcita al socorro de las necesidades del pr\u00f3jimo, sobre todo en hospitales, centros de ense\u00f1anza, orfelinatos y misiones (cf. OCLA 2293).\u00a0<\/p><p>Muy pronto nuestras primeras Hermanas, tuvieron la oportunidad de proyectar hacia el pr\u00f3jimo el amor de Dios que experimentaban en la oraci\u00f3n (cf. OCLA 2293): a los pocos meses de la fundaci\u00f3n, durante la epidemia de c\u00f3lera del 1885 las Hermanas salieron de Montiel para atender a los enfermos en Benaguacil y luego en Massamagrell, donde las tres m\u00e1s j\u00f3venes y una novicia se contagiaron y fallecieron; m\u00e1s tarde en este mismo pueblo, viendo el desamparo de los ni\u00f1os que hab\u00edan quedado hu\u00e9rfanos por la epidemia, los recogieron en una casa y se dedicaron a educarlos. As\u00ed, poco a poco y al paso de Dios, se fue perfilando el apostolado de la Congregaci\u00f3n que, como recomendaba el Padre Luis, deb\u00eda responder a los signos de los tiempos.<\/p><p>La Congregaci\u00f3n se expandi\u00f3 r\u00e1pidamente por Espa\u00f1a y en 1905 se abri\u00f3 hacia otros lugares de misi\u00f3n. El primer destino misionero fue Colombia donde las Hermanas llegaron en el a\u00f1o 1905 y de aqu\u00ed salieron a otros pa\u00edses de Am\u00e9rica. En 1929 las Hermanas salieron para China, una aventura troncada en agraz, ya que en el a\u00f1o 1949 fueron expulsadas a causa de la situaci\u00f3n pol\u00edtica. En el a\u00f1o 1971 llegamos a \u00c1frica, concretamente a la Rep\u00fablica Democr\u00e1tica del Congo y en 1982 reanudamos nuestra presencia en Asia, con la fundaci\u00f3n de Filipinas.<\/p><p>La peque\u00f1a familia de hermanas que inici\u00f3 su aventura en el Santuario de Montiel est\u00e1 presente hoy en 34 pa\u00edses de cuatro continentes y va enriqueci\u00e9ndose de lo que las j\u00f3venes de distintas culturas van aportando desde la alegr\u00eda de su llamada y la ilusi\u00f3n de su consagraci\u00f3n al servicio de los dem\u00e1s.\u00a0<\/p><p><img loading=\"lazy\" class=\"alignnone wp-image-4284 size-full\" src=\"https:\/\/www.terciariascapuchinas.org\/wp-content\/uploads\/2020\/12\/capitulo-1-1.jpeg\" alt=\"\" width=\"1421\" height=\"739\" \/><\/p><\/div><\/div><\/div><div class=\"elementor-element elementor-element-775cf294 elementor-widget elementor-widget-text-editor\" data-id=\"775cf294\" data-element_type=\"widget\" data-widget_type=\"text-editor.default\"><div class=\"elementor-widget-container\"><div class=\"elementor-text-editor elementor-clearfix\"><p><img loading=\"lazy\" class=\"aligncenter wp-image-3912 size-full\" src=\"https:\/\/www.terciariascapuchinas.es\/wp-content\/uploads\/2020\/12\/historia1.jpg\" alt=\"\" width=\"2063\" height=\"2232\" \/><\/p><\/div><\/div><\/div><div class=\"elementor-element elementor-element-595bcbc2 elementor-align-left elementor-icon-list--layout-traditional elementor-list-item-link-full_width elementor-widget elementor-widget-icon-list\" data-id=\"595bcbc2\" data-element_type=\"widget\" data-widget_type=\"icon-list.default\"><div class=\"elementor-widget-container\"><ul class=\"elementor-icon-list-items\"><li class=\"elementor-icon-list-item\"><span class=\"elementor-icon-list-text\">Hermanas fundadoras en las distintas naciones<\/span><\/li><\/ul><\/div><\/div><div class=\"elementor-element elementor-element-23ecd38c elementor-widget elementor-widget-text-editor\" data-id=\"23ecd38c\" data-element_type=\"widget\" data-widget_type=\"text-editor.default\"><div class=\"elementor-widget-container\"><div class=\"elementor-text-editor elementor-clearfix\"><p><img loading=\"lazy\" class=\"alignnone wp-image-3914 size-full\" src=\"https:\/\/www.terciariascapuchinas.es\/wp-content\/uploads\/2020\/12\/historia2-1.jpg\" alt=\"\" width=\"1095\" height=\"1458\" \/><\/p><p><img loading=\"lazy\" class=\"alignnone wp-image-3915 size-full\" src=\"https:\/\/www.terciariascapuchinas.es\/wp-content\/uploads\/2020\/12\/historia3.jpg\" alt=\"\" width=\"1095\" height=\"1458\" \/><\/p><p><img loading=\"lazy\" class=\"alignnone wp-image-3916 size-full\" src=\"https:\/\/www.terciariascapuchinas.es\/wp-content\/uploads\/2020\/12\/historia4.jpg\" alt=\"\" width=\"1095\" height=\"1458\" \/><\/p><p><img loading=\"lazy\" class=\"alignnone wp-image-3917 size-full\" src=\"https:\/\/www.terciariascapuchinas.es\/wp-content\/uploads\/2020\/12\/historia5.jpg\" alt=\"\" width=\"1095\" height=\"1458\" \/><\/p><p><img loading=\"lazy\" class=\"alignnone wp-image-3918 size-full\" src=\"https:\/\/www.terciariascapuchinas.es\/wp-content\/uploads\/2020\/12\/historia6.jpg\" alt=\"\" width=\"1095\" height=\"1458\" \/><\/p><p><img loading=\"lazy\" class=\"alignnone wp-image-3919 size-full\" src=\"https:\/\/www.terciariascapuchinas.es\/wp-content\/uploads\/2020\/12\/historia7.jpg\" alt=\"\" width=\"1095\" height=\"1458\" \/><\/p><p><img loading=\"lazy\" class=\"alignnone wp-image-3920 size-full\" src=\"https:\/\/www.terciariascapuchinas.es\/wp-content\/uploads\/2020\/12\/historia7a.jpg\" alt=\"\" width=\"1095\" height=\"1458\" \/><\/p><p><img loading=\"lazy\" class=\"alignnone wp-image-3921 size-full\" src=\"https:\/\/www.terciariascapuchinas.es\/wp-content\/uploads\/2020\/12\/historia8.jpg\" alt=\"\" width=\"1095\" height=\"1458\" \/><\/p><p><img loading=\"lazy\" class=\"alignnone wp-image-3926 size-full\" src=\"https:\/\/www.terciariascapuchinas.es\/wp-content\/uploads\/2020\/12\/historia9.jpg\" alt=\"\" width=\"1095\" height=\"1458\" \/><\/p><p><img loading=\"lazy\" class=\"alignnone wp-image-3927 size-full\" src=\"https:\/\/www.terciariascapuchinas.es\/wp-content\/uploads\/2020\/12\/historia10.jpg\" alt=\"\" width=\"1095\" height=\"1458\" \/><\/p><p><img loading=\"lazy\" class=\"alignnone wp-image-3928 size-full\" src=\"https:\/\/www.terciariascapuchinas.es\/wp-content\/uploads\/2020\/12\/historia11.jpg\" alt=\"\" width=\"1095\" height=\"1458\" \/><\/p><p><img loading=\"lazy\" class=\"alignnone wp-image-3929 size-full\" src=\"https:\/\/www.terciariascapuchinas.es\/wp-content\/uploads\/2020\/12\/historia12.jpg\" alt=\"\" width=\"1095\" height=\"1458\" \/><\/p><p><img loading=\"lazy\" class=\"alignnone wp-image-3933 size-full\" src=\"https:\/\/www.terciariascapuchinas.es\/wp-content\/uploads\/2020\/12\/historia13.jpg\" alt=\"\" width=\"1095\" height=\"1458\" \/><\/p><\/div><\/div><\/div><div class=\"elementor-element elementor-element-7d02652b elementor-align-left elementor-icon-list--layout-traditional elementor-list-item-link-full_width elementor-widget elementor-widget-icon-list\" data-id=\"7d02652b\" data-element_type=\"widget\" data-widget_type=\"icon-list.default\"><div class=\"elementor-widget-container\"><ul class=\"elementor-icon-list-items\"><li class=\"elementor-icon-list-item\"><span class=\"elementor-icon-list-text\">Iniciadoras de presencias: India (2008), Sri Lanka (2011), Vietnam (2015), El Salvador (2017) y tambi\u00e9n la \u201crefundaci\u00f3n\u201d de Ecuador (1977) y China (2018).<\/span><\/li><\/ul><\/div><\/div><div class=\"elementor-element elementor-element-2022859 elementor-align-left elementor-icon-list--layout-traditional elementor-list-item-link-full_width elementor-widget elementor-widget-icon-list\" data-id=\"2022859\" data-element_type=\"widget\" data-widget_type=\"icon-list.default\"><div class=\"elementor-widget-container\"><ul class=\"elementor-icon-list-items\"><li class=\"elementor-icon-list-item\"><span class=\"elementor-icon-list-text\">Nuestras presencias congregacionales de Suiza, Rep. Centroafricana y Alemania fueron suprimidas.<\/span><\/li><\/ul><\/div><\/div><div class=\"elementor-element elementor-element-720fcebd elementor-aspect-ratio-169 elementor-widget elementor-widget-video\" data-id=\"720fcebd\" data-element_type=\"widget\" data-settings=\"{\" data-widget_type=\"video.default\">\u00a0<\/div><\/div>\n        \t\t<\/div>\n\t\t\t\t<\/div>\n\t\t\t\t<div class=\"elementor-element elementor-element-7f52089 elementor-aspect-ratio-169 elementor-widget elementor-widget-video\" data-id=\"7f52089\" data-element_type=\"widget\" data-settings=\"{&quot;youtube_url&quot;:&quot;https:\\\/\\\/www.youtube.com\\\/watch?v=anF9rI3bWj4&quot;,&quot;video_type&quot;:&quot;youtube&quot;,&quot;controls&quot;:&quot;yes&quot;,&quot;aspect_ratio&quot;:&quot;169&quot;}\" data-widget_type=\"video.default\">\n\t\t\t\t<div class=\"elementor-widget-container\">\n\t\t\t<style>\/*! elementor - v3.6.4 - 13-04-2022 *\/\n.elementor-widget-video .elementor-widget-container{overflow:hidden;-webkit-transform:translateZ(0);transform:translateZ(0)}.elementor-widget-video .elementor-open-inline .elementor-custom-embed-image-overlay{position:absolute;top:0;left:0;width:100%;height:100%;background-size:cover;background-position:50%}.elementor-widget-video .elementor-custom-embed-image-overlay{cursor:pointer;text-align:center}.elementor-widget-video .elementor-custom-embed-image-overlay:hover .elementor-custom-embed-play i{opacity:1}.elementor-widget-video .elementor-custom-embed-image-overlay img{display:block;width:100%}.elementor-widget-video .e-hosted-video .elementor-video{-o-object-fit:cover;object-fit:cover}<\/style>\t\t<div class=\"elementor-wrapper elementor-fit-aspect-ratio elementor-open-inline\">\n\t\t\t<div class=\"elementor-video\"><\/div>\t\t<\/div>\n\t\t\t\t<\/div>\n\t\t\t\t<\/div>\n\t\t\t\t\t<\/div>\n\t\t<\/div>\n\t\t\t\t\t\t\t<\/div>\n\t\t<\/section>\n\t\t\t\t\t<\/div>\n\t\t<\/div>\n\t\t\t\t\t\t\t<\/div>\n\t\t<\/section>\n\t\t\t\t\t\t\t<\/div>\n\t\t","protected":false},"excerpt":{"rendered":"<p>Historia de la Congregaci\u00f3n La historia de las Hermanas Terciarias Capuchinas de la Sagrada Familia empez\u00f3 el 11 de mayo de 1885, en el Santuario \u201cNuestra Se\u00f1ora de Montiel\u201d (Valencia \u2013 Espa\u00f1a). Su Fundador, el joven sacerdote capuchino Fray Luis Amig\u00f3 (1854 \u2013 1934), hab\u00eda gestado su fundaci\u00f3n manteni\u00e9ndose atento a los signos que Dios [&hellip;]<\/p>\n","protected":false},"author":1,"featured_media":0,"parent":0,"menu_order":0,"comment_status":"closed","ping_status":"closed","template":"page-elementor.php","meta":{"om_disable_all_campaigns":false,"inline_featured_image":false,"_monsterinsights_skip_tracking":false,"_monsterinsights_sitenote_active":false,"_monsterinsights_sitenote_note":"","_monsterinsights_sitenote_category":0},"_links":{"self":[{"href":"http:\/\/terciariascapuchinasafrica.org\/index.php\/wp-json\/wp\/v2\/pages\/9074"}],"collection":[{"href":"http:\/\/terciariascapuchinasafrica.org\/index.php\/wp-json\/wp\/v2\/pages"}],"about":[{"href":"http:\/\/terciariascapuchinasafrica.org\/index.php\/wp-json\/wp\/v2\/types\/page"}],"author":[{"embeddable":true,"href":"http:\/\/terciariascapuchinasafrica.org\/index.php\/wp-json\/wp\/v2\/users\/1"}],"replies":[{"embeddable":true,"href":"http:\/\/terciariascapuchinasafrica.org\/index.php\/wp-json\/wp\/v2\/comments?post=9074"}],"version-history":[{"count":8,"href":"http:\/\/terciariascapuchinasafrica.org\/index.php\/wp-json\/wp\/v2\/pages\/9074\/revisions"}],"predecessor-version":[{"id":9294,"href":"http:\/\/terciariascapuchinasafrica.org\/index.php\/wp-json\/wp\/v2\/pages\/9074\/revisions\/9294"}],"wp:attachment":[{"href":"http:\/\/terciariascapuchinasafrica.org\/index.php\/wp-json\/wp\/v2\/media?parent=9074"}],"curies":[{"name":"wp","href":"https:\/\/api.w.org\/{rel}","templated":true}]}}