{"id":9080,"date":"2022-06-02T13:24:32","date_gmt":"2022-06-02T13:24:32","guid":{"rendered":"http:\/\/terciariascapuchinasafrica.org\/?page_id=9080"},"modified":"2022-06-05T15:24:41","modified_gmt":"2022-06-05T15:24:41","slug":"consejo-delegacion","status":"publish","type":"page","link":"http:\/\/terciariascapuchinasafrica.org\/index.php\/consejo-delegacion\/","title":{"rendered":"Consejo Delegaci\u00f3n"},"content":{"rendered":"\t\t<div data-elementor-type=\"wp-post\" data-elementor-id=\"9080\" class=\"elementor elementor-9080\">\n\t\t\t\t\t\t\t\t\t<section class=\"elementor-section elementor-top-section elementor-element elementor-element-2589f6c elementor-section-stretched elementor-section-boxed elementor-section-height-default elementor-section-height-default\" data-id=\"2589f6c\" data-element_type=\"section\" data-settings=\"{&quot;stretch_section&quot;:&quot;section-stretched&quot;,&quot;background_background&quot;:&quot;classic&quot;}\">\n\t\t\t\t\t\t<div class=\"elementor-container elementor-column-gap-no\">\n\t\t\t\t\t<div class=\"elementor-column elementor-col-100 elementor-top-column elementor-element elementor-element-3f5f185\" data-id=\"3f5f185\" data-element_type=\"column\">\n\t\t\t<div class=\"elementor-widget-wrap elementor-element-populated\">\n\t\t\t\t\t\t\t\t<div class=\"elementor-element elementor-element-4aa685b elementor-align-left elementor-absolute elementor-widget elementor-widget-heading\" data-id=\"4aa685b\" data-element_type=\"widget\" data-settings=\"{&quot;_position&quot;:&quot;absolute&quot;}\" data-widget_type=\"heading.default\">\n\t\t\t\t<div class=\"elementor-widget-container\">\n\t\t\t<style>\/*! elementor - v3.6.4 - 13-04-2022 *\/\n.elementor-heading-title{padding:0;margin:0;line-height:1}.elementor-widget-heading .elementor-heading-title[class*=elementor-size-]>a{color:inherit;font-size:inherit;line-height:inherit}.elementor-widget-heading .elementor-heading-title.elementor-size-small{font-size:15px}.elementor-widget-heading .elementor-heading-title.elementor-size-medium{font-size:19px}.elementor-widget-heading .elementor-heading-title.elementor-size-large{font-size:29px}.elementor-widget-heading .elementor-heading-title.elementor-size-xl{font-size:39px}.elementor-widget-heading .elementor-heading-title.elementor-size-xxl{font-size:59px}<\/style><h2 class=\"elementor-heading-title elementor-size-default\">Consejo Delegaci\u00f3n<\/h2>\t\t<\/div>\n\t\t\t\t<\/div>\n\t\t\t\t<section class=\"elementor-section elementor-inner-section elementor-element elementor-element-45b0617 elementor-section-boxed elementor-section-height-default elementor-section-height-default\" data-id=\"45b0617\" data-element_type=\"section\">\n\t\t\t\t\t\t<div class=\"elementor-container elementor-column-gap-no\">\n\t\t\t\t\t<div class=\"elementor-column elementor-col-100 elementor-inner-column elementor-element elementor-element-51df8b3\" data-id=\"51df8b3\" data-element_type=\"column\">\n\t\t\t<div class=\"elementor-widget-wrap elementor-element-populated\">\n\t\t\t\t\t\t\t\t<div class=\"elementor-element elementor-element-201338e elementor-widget elementor-widget-text-editor\" data-id=\"201338e\" data-element_type=\"widget\" data-widget_type=\"text-editor.default\">\n\t\t\t\t<div class=\"elementor-widget-container\">\n\t\t\t<style>\/*! elementor - v3.6.4 - 13-04-2022 *\/\n.elementor-widget-text-editor.elementor-drop-cap-view-stacked .elementor-drop-cap{background-color:#818a91;color:#fff}.elementor-widget-text-editor.elementor-drop-cap-view-framed .elementor-drop-cap{color:#818a91;border:3px solid;background-color:transparent}.elementor-widget-text-editor:not(.elementor-drop-cap-view-default) .elementor-drop-cap{margin-top:8px}.elementor-widget-text-editor:not(.elementor-drop-cap-view-default) .elementor-drop-cap-letter{width:1em;height:1em}.elementor-widget-text-editor .elementor-drop-cap{float:left;text-align:center;line-height:1;font-size:50px}.elementor-widget-text-editor .elementor-drop-cap-letter{display:inline-block}<\/style>        <div class=\"elementor-text-editor elementor-clearfix\"><div class=\"elementor-element elementor-element-62738db elementor-widget elementor-widget-heading\" data-id=\"62738db\" data-element_type=\"widget\" data-widget_type=\"heading.default\"><div class=\"elementor-widget-container\"><p class=\"elementor-heading-title elementor-size-default\">El XXII Cap\u00edtulo de la delegaci\u00f3n, celebrado en Tanzania en septiembre de 20xx, eligi\u00f3 para un periodo de xx a\u00f1os, a la nueva Superiora de la delgaci\u00f3n y su Consejo:<\/p><\/div><\/div><div class=\"elementor-element elementor-element-040fbc6 elementor-align-left elementor-icon-list--layout-traditional elementor-list-item-link-full_width elementor-widget elementor-widget-icon-list\" data-id=\"040fbc6\" data-element_type=\"widget\" data-widget_type=\"icon-list.default\"><div class=\"elementor-widget-container\"><ul class=\"elementor-icon-list-items\"><li class=\"elementor-icon-list-item\"><i class=\"fas fa-arrow-circle-right\" aria-hidden=\"true\"><\/i><span class=\"elementor-icon-list-text\"><strong>Superiora delegaci\u00f3n:<\/strong> Hna.\u00a0<\/span><\/li><li class=\"elementor-icon-list-item\"><i class=\"fas fa-arrow-circle-right\" aria-hidden=\"true\"><\/i><span class=\"elementor-icon-list-text\"><strong>Vicaria :<\/strong> Hna.\u00a0<\/span><\/li><li class=\"elementor-icon-list-item\"><i class=\"fas fa-arrow-circle-right\" aria-hidden=\"true\"><\/i><span class=\"elementor-icon-list-text\"><strong>2\u00ba Consejera :<\/strong> Hna.\u00a0<\/span><\/li><li class=\"elementor-icon-list-item\"><i class=\"fas fa-arrow-circle-right\" aria-hidden=\"true\"><\/i><span class=\"elementor-icon-list-text\"><strong>3\u00ba Consejera :<\/strong> Hna.\u00a0<\/span><\/li><li class=\"elementor-icon-list-item\"><i class=\"fas fa-arrow-circle-right\" aria-hidden=\"true\"><\/i><span class=\"elementor-icon-list-text\"><strong>4\u00ba Consejera :<\/strong> Hna.\u00a0<\/span><\/li><\/ul><\/div><\/div><\/div>\n        \t\t<\/div>\n\t\t\t\t<\/div>\n\t\t\t\t\t<\/div>\n\t\t<\/div>\n\t\t\t\t\t\t\t<\/div>\n\t\t<\/section>\n\t\t\t\t\t<\/div>\n\t\t<\/div>\n\t\t\t\t\t\t\t<\/div>\n\t\t<\/section>\n\t\t\t\t\t\t\t<\/div>\n\t\t","protected":false},"excerpt":{"rendered":"<p>Consejo Delegaci\u00f3n El XXII Cap\u00edtulo de la delegaci\u00f3n, celebrado en Tanzania en septiembre de 20xx, eligi\u00f3 para un periodo de xx a\u00f1os, a la nueva Superiora de la delgaci\u00f3n y su Consejo: Superiora delegaci\u00f3n: Hna.\u00a0 Vicaria : Hna.\u00a0 2\u00ba Consejera : Hna.\u00a0 3\u00ba Consejera : Hna.\u00a0 4\u00ba Consejera : Hna.\u00a0<\/p>\n","protected":false},"author":1,"featured_media":0,"parent":0,"menu_order":0,"comment_status":"closed","ping_status":"closed","template":"page-elementor.php","meta":{"om_disable_all_campaigns":false,"inline_featured_image":false,"_monsterinsights_skip_tracking":false,"_monsterinsights_sitenote_active":false,"_monsterinsights_sitenote_note":"","_monsterinsights_sitenote_category":0},"_links":{"self":[{"href":"http:\/\/terciariascapuchinasafrica.org\/index.php\/wp-json\/wp\/v2\/pages\/9080"}],"collection":[{"href":"http:\/\/terciariascapuchinasafrica.org\/index.php\/wp-json\/wp\/v2\/pages"}],"about":[{"href":"http:\/\/terciariascapuchinasafrica.org\/index.php\/wp-json\/wp\/v2\/types\/page"}],"author":[{"embeddable":true,"href":"http:\/\/terciariascapuchinasafrica.org\/index.php\/wp-json\/wp\/v2\/users\/1"}],"replies":[{"embeddable":true,"href":"http:\/\/terciariascapuchinasafrica.org\/index.php\/wp-json\/wp\/v2\/comments?post=9080"}],"version-history":[{"count":14,"href":"http:\/\/terciariascapuchinasafrica.org\/index.php\/wp-json\/wp\/v2\/pages\/9080\/revisions"}],"predecessor-version":[{"id":9322,"href":"http:\/\/terciariascapuchinasafrica.org\/index.php\/wp-json\/wp\/v2\/pages\/9080\/revisions\/9322"}],"wp:attachment":[{"href":"http:\/\/terciariascapuchinasafrica.org\/index.php\/wp-json\/wp\/v2\/media?parent=9080"}],"curies":[{"name":"wp","href":"https:\/\/api.w.org\/{rel}","templated":true}]}}