{"id":9081,"date":"2022-06-02T13:24:59","date_gmt":"2022-06-02T13:24:59","guid":{"rendered":"http:\/\/terciariascapuchinasafrica.org\/?page_id=9081"},"modified":"2022-06-05T15:32:37","modified_gmt":"2022-06-05T15:32:37","slug":"curia-general","status":"publish","type":"page","link":"http:\/\/terciariascapuchinasafrica.org\/index.php\/curia-general\/","title":{"rendered":"Curia General"},"content":{"rendered":"\t\t<div data-elementor-type=\"wp-post\" data-elementor-id=\"9081\" class=\"elementor elementor-9081\">\n\t\t\t\t\t\t\t\t\t<section class=\"elementor-section elementor-top-section elementor-element elementor-element-2589f6c elementor-section-stretched elementor-section-boxed elementor-section-height-default elementor-section-height-default\" data-id=\"2589f6c\" data-element_type=\"section\" data-settings=\"{&quot;stretch_section&quot;:&quot;section-stretched&quot;,&quot;background_background&quot;:&quot;classic&quot;}\">\n\t\t\t\t\t\t<div class=\"elementor-container elementor-column-gap-no\">\n\t\t\t\t\t<div class=\"elementor-column elementor-col-100 elementor-top-column elementor-element elementor-element-3f5f185\" data-id=\"3f5f185\" data-element_type=\"column\">\n\t\t\t<div class=\"elementor-widget-wrap elementor-element-populated\">\n\t\t\t\t\t\t\t\t<div class=\"elementor-element elementor-element-4aa685b elementor-align-left elementor-absolute elementor-widget elementor-widget-heading\" data-id=\"4aa685b\" data-element_type=\"widget\" data-settings=\"{&quot;_position&quot;:&quot;absolute&quot;}\" data-widget_type=\"heading.default\">\n\t\t\t\t<div class=\"elementor-widget-container\">\n\t\t\t<style>\/*! elementor - v3.6.4 - 13-04-2022 *\/\n.elementor-heading-title{padding:0;margin:0;line-height:1}.elementor-widget-heading .elementor-heading-title[class*=elementor-size-]>a{color:inherit;font-size:inherit;line-height:inherit}.elementor-widget-heading .elementor-heading-title.elementor-size-small{font-size:15px}.elementor-widget-heading .elementor-heading-title.elementor-size-medium{font-size:19px}.elementor-widget-heading .elementor-heading-title.elementor-size-large{font-size:29px}.elementor-widget-heading .elementor-heading-title.elementor-size-xl{font-size:39px}.elementor-widget-heading .elementor-heading-title.elementor-size-xxl{font-size:59px}<\/style><h2 class=\"elementor-heading-title elementor-size-default\">Curia general<\/h2>\t\t<\/div>\n\t\t\t\t<\/div>\n\t\t\t\t<section class=\"elementor-section elementor-inner-section elementor-element elementor-element-45b0617 elementor-section-boxed elementor-section-height-default elementor-section-height-default\" data-id=\"45b0617\" data-element_type=\"section\">\n\t\t\t\t\t\t<div class=\"elementor-container elementor-column-gap-no\">\n\t\t\t\t\t<div class=\"elementor-column elementor-col-100 elementor-inner-column elementor-element elementor-element-51df8b3\" data-id=\"51df8b3\" data-element_type=\"column\">\n\t\t\t<div class=\"elementor-widget-wrap elementor-element-populated\">\n\t\t\t\t\t\t\t\t<div class=\"elementor-element elementor-element-201338e elementor-widget elementor-widget-text-editor\" data-id=\"201338e\" data-element_type=\"widget\" data-widget_type=\"text-editor.default\">\n\t\t\t\t<div class=\"elementor-widget-container\">\n\t\t\t<style>\/*! elementor - v3.6.4 - 13-04-2022 *\/\n.elementor-widget-text-editor.elementor-drop-cap-view-stacked .elementor-drop-cap{background-color:#818a91;color:#fff}.elementor-widget-text-editor.elementor-drop-cap-view-framed .elementor-drop-cap{color:#818a91;border:3px solid;background-color:transparent}.elementor-widget-text-editor:not(.elementor-drop-cap-view-default) .elementor-drop-cap{margin-top:8px}.elementor-widget-text-editor:not(.elementor-drop-cap-view-default) .elementor-drop-cap-letter{width:1em;height:1em}.elementor-widget-text-editor .elementor-drop-cap{float:left;text-align:center;line-height:1;font-size:50px}.elementor-widget-text-editor .elementor-drop-cap-letter{display:inline-block}<\/style>        <div class=\"elementor-text-editor elementor-clearfix\"><p><img loading=\"lazy\" class=\"alignnone wp-image-9334 size-full\" src=\"http:\/\/terciariascapuchinasafrica.org\/wp-content\/uploads\/2022\/06\/68.-Gobierno-general-1.jpg\" alt=\"\" width=\"2117\" height=\"1587\" srcset=\"http:\/\/terciariascapuchinasafrica.org\/wp-content\/uploads\/2022\/06\/68.-Gobierno-general-1.jpg 2117w, http:\/\/terciariascapuchinasafrica.org\/wp-content\/uploads\/2022\/06\/68.-Gobierno-general-1-300x225.jpg 300w, http:\/\/terciariascapuchinasafrica.org\/wp-content\/uploads\/2022\/06\/68.-Gobierno-general-1-1024x768.jpg 1024w, http:\/\/terciariascapuchinasafrica.org\/wp-content\/uploads\/2022\/06\/68.-Gobierno-general-1-768x576.jpg 768w, http:\/\/terciariascapuchinasafrica.org\/wp-content\/uploads\/2022\/06\/68.-Gobierno-general-1-1536x1151.jpg 1536w, http:\/\/terciariascapuchinasafrica.org\/wp-content\/uploads\/2022\/06\/68.-Gobierno-general-1-2048x1535.jpg 2048w, http:\/\/terciariascapuchinasafrica.org\/wp-content\/uploads\/2022\/06\/68.-Gobierno-general-1-400x300.jpg 400w\" sizes=\"(max-width: 2117px) 100vw, 2117px\" \/><\/p><p>\u00a0<\/p><p>En el XIII Cap\u00edtulo general (1962) se madur\u00f3 la idea de trasladar la Curia general a ROMA que hasta ese momento y, desde la fundaci\u00f3n de la Congregaci\u00f3n en 1885, hab\u00eda tenido su sede en diversos lugares dentro de Espa\u00f1a. El 27 de julio de 1964 lleg\u00f3 a la nueva sede de Roma, situada en Via Cassia 1243, perteneciente a la Di\u00f3cesis de Porto y Santa Rufina, la entonces Superiora general con su Consejo. El XIV Cap\u00edtulo general fue el primero en ser celebrado en esta sede, a los que han seguido todos los dem\u00e1s hasta el \u00faltimo, en el a\u00f1o 2016.<\/p><p><b>Gobierno general<\/b><\/p><p>El XXII Cap\u00edtulo general, celebrado en Roma en septiembre de 2016, eligi\u00f3 para un periodo de seis a\u00f1os, a la nueva Superiora general y su Consejo:<\/p><p><strong>Superiora general:<\/strong>\u00a0Hna. Ana Tulia L\u00f3pez Bedoya (Colombia)<br \/><strong>Vicaria general:<\/strong>\u00a0Hna. Mar\u00eda Luisa Garc\u00eda Casami\u00e1n (Espa\u00f1a)<br \/><strong>2\u00ba Consejera general:<\/strong>\u00a0Hna. Lilia Celina Barrera Ram\u00edrez (Colombia)<br \/><strong>3\u00ba Consejera general:<\/strong>\u00a0Hna. Mar\u00eda Anabelle C\u00e9spedes Morales (Costa Rica)<br \/><strong>4\u00ba Consejera general:<\/strong>\u00a0Hna. Cecilia Pasquini (Italia)<\/p><h6><b>M\u00e1s informaci\u00f3n:<\/b>\u00a0<a href=\"http:\/\/www.terciariascapuchinas.org\/\" target=\"_blank\" rel=\"noopener\">www.terciariascapuchinas.org<\/a><\/h6><\/div>\n        \t\t<\/div>\n\t\t\t\t<\/div>\n\t\t\t\t\t<\/div>\n\t\t<\/div>\n\t\t\t\t\t\t\t<\/div>\n\t\t<\/section>\n\t\t\t\t\t<\/div>\n\t\t<\/div>\n\t\t\t\t\t\t\t<\/div>\n\t\t<\/section>\n\t\t\t\t\t\t\t<\/div>\n\t\t","protected":false},"excerpt":{"rendered":"<p>Curia general \u00a0 En el XIII Cap\u00edtulo general (1962) se madur\u00f3 la idea de trasladar la Curia general a ROMA que hasta ese momento y, desde la fundaci\u00f3n de la Congregaci\u00f3n en 1885, hab\u00eda tenido su sede en diversos lugares dentro de Espa\u00f1a. El 27 de julio de 1964 lleg\u00f3 a la nueva sede de [&hellip;]<\/p>\n","protected":false},"author":1,"featured_media":0,"parent":0,"menu_order":0,"comment_status":"closed","ping_status":"closed","template":"page-elementor.php","meta":{"om_disable_all_campaigns":false,"inline_featured_image":false,"_monsterinsights_skip_tracking":false,"_monsterinsights_sitenote_active":false,"_monsterinsights_sitenote_note":"","_monsterinsights_sitenote_category":0},"_links":{"self":[{"href":"http:\/\/terciariascapuchinasafrica.org\/index.php\/wp-json\/wp\/v2\/pages\/9081"}],"collection":[{"href":"http:\/\/terciariascapuchinasafrica.org\/index.php\/wp-json\/wp\/v2\/pages"}],"about":[{"href":"http:\/\/terciariascapuchinasafrica.org\/index.php\/wp-json\/wp\/v2\/types\/page"}],"author":[{"embeddable":true,"href":"http:\/\/terciariascapuchinasafrica.org\/index.php\/wp-json\/wp\/v2\/users\/1"}],"replies":[{"embeddable":true,"href":"http:\/\/terciariascapuchinasafrica.org\/index.php\/wp-json\/wp\/v2\/comments?post=9081"}],"version-history":[{"count":20,"href":"http:\/\/terciariascapuchinasafrica.org\/index.php\/wp-json\/wp\/v2\/pages\/9081\/revisions"}],"predecessor-version":[{"id":9340,"href":"http:\/\/terciariascapuchinasafrica.org\/index.php\/wp-json\/wp\/v2\/pages\/9081\/revisions\/9340"}],"wp:attachment":[{"href":"http:\/\/terciariascapuchinasafrica.org\/index.php\/wp-json\/wp\/v2\/media?parent=9081"}],"curies":[{"name":"wp","href":"https:\/\/api.w.org\/{rel}","templated":true}]}}