{"id":9137,"date":"2022-06-02T13:53:54","date_gmt":"2022-06-02T13:53:54","guid":{"rendered":"http:\/\/terciariascapuchinasafrica.org\/?page_id=9137"},"modified":"2022-06-05T15:51:44","modified_gmt":"2022-06-05T15:51:44","slug":"apuntes-sobre-su-vida","status":"publish","type":"page","link":"http:\/\/terciariascapuchinasafrica.org\/index.php\/apuntes-sobre-su-vida\/","title":{"rendered":"Apuntes sobre su vida"},"content":{"rendered":"\t\t<div data-elementor-type=\"wp-post\" data-elementor-id=\"9137\" class=\"elementor elementor-9137\">\n\t\t\t\t\t\t\t\t\t<section class=\"elementor-section elementor-top-section elementor-element elementor-element-2589f6c elementor-section-stretched elementor-section-boxed elementor-section-height-default elementor-section-height-default\" data-id=\"2589f6c\" data-element_type=\"section\" data-settings=\"{&quot;stretch_section&quot;:&quot;section-stretched&quot;,&quot;background_background&quot;:&quot;classic&quot;}\">\n\t\t\t\t\t\t<div class=\"elementor-container elementor-column-gap-no\">\n\t\t\t\t\t<div class=\"elementor-column elementor-col-100 elementor-top-column elementor-element elementor-element-3f5f185\" data-id=\"3f5f185\" data-element_type=\"column\">\n\t\t\t<div class=\"elementor-widget-wrap elementor-element-populated\">\n\t\t\t\t\t\t\t\t<div class=\"elementor-element elementor-element-4aa685b elementor-align-left elementor-absolute elementor-widget elementor-widget-heading\" data-id=\"4aa685b\" data-element_type=\"widget\" data-settings=\"{&quot;_position&quot;:&quot;absolute&quot;}\" data-widget_type=\"heading.default\">\n\t\t\t\t<div class=\"elementor-widget-container\">\n\t\t\t<style>\/*! elementor - v3.6.4 - 13-04-2022 *\/\n.elementor-heading-title{padding:0;margin:0;line-height:1}.elementor-widget-heading .elementor-heading-title[class*=elementor-size-]>a{color:inherit;font-size:inherit;line-height:inherit}.elementor-widget-heading .elementor-heading-title.elementor-size-small{font-size:15px}.elementor-widget-heading .elementor-heading-title.elementor-size-medium{font-size:19px}.elementor-widget-heading .elementor-heading-title.elementor-size-large{font-size:29px}.elementor-widget-heading .elementor-heading-title.elementor-size-xl{font-size:39px}.elementor-widget-heading .elementor-heading-title.elementor-size-xxl{font-size:59px}<\/style><h2 class=\"elementor-heading-title elementor-size-default\">Apuntes sobre su vida<\/h2>\t\t<\/div>\n\t\t\t\t<\/div>\n\t\t\t\t<section class=\"elementor-section elementor-inner-section elementor-element elementor-element-45b0617 elementor-section-boxed elementor-section-height-default elementor-section-height-default\" data-id=\"45b0617\" data-element_type=\"section\">\n\t\t\t\t\t\t<div class=\"elementor-container elementor-column-gap-no\">\n\t\t\t\t\t<div class=\"elementor-column elementor-col-100 elementor-inner-column elementor-element elementor-element-51df8b3\" data-id=\"51df8b3\" data-element_type=\"column\">\n\t\t\t<div class=\"elementor-widget-wrap elementor-element-populated\">\n\t\t\t\t\t\t\t\t<div class=\"elementor-element elementor-element-201338e elementor-widget elementor-widget-text-editor\" data-id=\"201338e\" data-element_type=\"widget\" data-widget_type=\"text-editor.default\">\n\t\t\t\t<div class=\"elementor-widget-container\">\n\t\t\t<style>\/*! elementor - v3.6.4 - 13-04-2022 *\/\n.elementor-widget-text-editor.elementor-drop-cap-view-stacked .elementor-drop-cap{background-color:#818a91;color:#fff}.elementor-widget-text-editor.elementor-drop-cap-view-framed .elementor-drop-cap{color:#818a91;border:3px solid;background-color:transparent}.elementor-widget-text-editor:not(.elementor-drop-cap-view-default) .elementor-drop-cap{margin-top:8px}.elementor-widget-text-editor:not(.elementor-drop-cap-view-default) .elementor-drop-cap-letter{width:1em;height:1em}.elementor-widget-text-editor .elementor-drop-cap{float:left;text-align:center;line-height:1;font-size:50px}.elementor-widget-text-editor .elementor-drop-cap-letter{display:inline-block}<\/style>        <div class=\"elementor-text-editor elementor-clearfix\"><p>El fundador de nuestra Familia religiosa es\u00a0<b><i>Fray Luis Amig\u00f3 y Ferrer<\/i><\/b>, Ofmcap.<\/p><p><img loading=\"lazy\" class=\"alignright wp-image-1397\" src=\"https:\/\/terciariascapuchinasnazaret.org\/wp-content\/uploads\/2021\/01\/fundador2-1-727x1024-1-213x300.jpg\" sizes=\"(max-width: 426px) 100vw, 426px\" srcset=\"https:\/\/terciariascapuchinasnazaret.org\/wp-content\/uploads\/2021\/01\/fundador2-1-727x1024-1-213x300.jpg 213w, https:\/\/terciariascapuchinasnazaret.org\/wp-content\/uploads\/2021\/01\/fundador2-1-727x1024-1.jpg 727w\" alt=\"\" width=\"426\" height=\"600\" \/>Naci\u00f3 el 17 de octubre de 1854 en Massamagrell (Valencia \u2013 Espa\u00f1a) y a lo largo de sus casi 80 a\u00f1os, vivi\u00f3 momentos delicados de la historia de Espa\u00f1a. Fue probado por la muerte prematura de sus padres durante su ni\u00f1ez, cultiv\u00f3 hondamente su vida cristiana y se comprometi\u00f3 con algunos grupos que le permit\u00edan hacer un camino de fe y dedicarse a obras de misericordia, como visitar a los enfermos del Hospital de Valencia y los presos de la c\u00e1rcel; entre estos grupos mencionamos la Tercera Orden Franciscana Seglar que marc\u00f3 profundamente su vida.<\/p><p>La llamada a una vida consagrada se iba manifestando con creciente claridad a lo largo de su juventud y, debido a que, en aquellos a\u00f1os, en Espa\u00f1a se hab\u00eda suprimido toda presencia religiosa, en 1874 viaj\u00f3 a Bayona (Francia) y visti\u00f3 el h\u00e1bito en el convento capuchino donde se hab\u00edan refugiado los hermanos espa\u00f1oles al ser obligados a salir de su patria y, al a\u00f1o siguiente, hizo su profesi\u00f3n religiosa. Tres a\u00f1os m\u00e1s tarde, form\u00f3 parte del primer grupo de Capuchinos que regresaba a Espa\u00f1a, para restaurar aqu\u00ed la Orden. En 1879, fue ordenado sacerdote y empez\u00f3 a desarrollar su ministerio con entusiasmo y creatividad, al estilo y en los \u00e1mbitos m\u00e1s t\u00edpicos de la vida capuchina: predicaci\u00f3n, confesiones, apostolado con los j\u00f3venes y seglares de la Orden Tercera y en los lugares de sufrimiento como son las c\u00e1rceles y los hospitales. Esto lo puso en contacto con muchas personas y, en cierto sentido, lo encamin\u00f3 hacia el proyecto que Dios ten\u00eda sobre \u00e9l como Fundador.<\/p><p>El encuentro con personas deseosas de una vida de \u201cmayor perfecci\u00f3n\u201d le inspir\u00f3 la fundaci\u00f3n de una Congregaci\u00f3n de religiosas y en la celda de su convento de Massamagrell, empez\u00f3 a escribir unas Constituciones reflejando en ella la espiritualidad franciscano-capuchina que \u00e9l mismo viv\u00eda con ilusi\u00f3n. Bien pronto, Dios puso en su camino a unas mujeres que quer\u00edan vivirlas y, cumplidos los tr\u00e1mites can\u00f3nicos requeridos, el 11 de mayo de 1885, en el Santuario de Nuestra Se\u00f1ora de Montiel (Valencia \u2013 Espa\u00f1a), naci\u00f3 en la Iglesia la Congregaci\u00f3n de Hermanas Terciarias Capuchinas de la Sagrada Familia. Su Fundador, ten\u00eda 30 a\u00f1os de edad, pero era un hombre de Dios, capaz de orientar y acompa\u00f1ar el camino de la naciente congregaci\u00f3n con humilde sabidur\u00eda, fortaleza de esp\u00edritu, confianza en la Providencia y visi\u00f3n de futuro.<\/p><p>En 1889, proyectando su especial sensibilidad para los j\u00f3venes en situaci\u00f3n de riesgo o ya \u201cdesviados del camino del bien\u201d, el Padre Luis fund\u00f3 la Congregaci\u00f3n de Religiosos Terciarios Capuchinos de Nuestra Se\u00f1ora de los Dolores, cuyo servicio apost\u00f3lico, a diferencia del de las Hermanas que estaba abierto a diversos campos, se dirig\u00eda de una forma m\u00e1s espec\u00edfica a la educaci\u00f3n y reeducaci\u00f3n de ni\u00f1os y j\u00f3venes con problemas de conducta.<\/p><p>En 1907, el Padre Luis Amig\u00f3 fue nombrado obispo y desde entonces, hasta su fallecimiento, acompa\u00f1\u00f3 el camino de las Di\u00f3cesis espa\u00f1olas de Solsona (L\u00e9rida) y Segorbe (Castell\u00f3n), destac\u00e1ndose por su inter\u00e9s e iniciativas en favor de la familia y las clases sociales m\u00e1s fr\u00e1giles, obreras y campesinas, y por su celo en promover y poner en pr\u00e1ctica la doctrina social de la Iglesia y formar en la fe y moral cristianas.<\/p><p>Falleci\u00f3 en Godella (Valencia \u2013 Espa\u00f1a) el 30 de septiembre de 1934 y sus restos reposan en la capilla de nuestra Casa Madre en Massamagrell (Valencia \u2013 Espa\u00f1a).<\/p><p>Los te\u00f3logos que analizaron toda la documentaci\u00f3n relativa a su Proceso de Beatificaci\u00f3n, subrayaron \u201cla perfecta rectitud de su vida y su permanente progreso en las virtudes y en la uni\u00f3n con Dios, ascendiendo el arduo sendero de la santidad, compaginando los dones de su naturaleza y la gracia divina. Valoraron la manera admirable con que conjug\u00f3 su ser capuchino, fundador y obispo, afirmando que \u201c<em>su mensaje constituye un llamado reverberante para la \u00e9poca que estamos viviendo, no solamente para el clero y los religiosos, sino para todo el pueblo de Dios\u201d.<\/em><\/p><p>El 13 de junio de 1992 lo declararon \u201cVenerable\u201d. Para su beatificaci\u00f3n se necesita un milagro atribuible a su intercesi\u00f3n.<\/p><\/div>\n        \t\t<\/div>\n\t\t\t\t<\/div>\n\t\t\t\t\t<\/div>\n\t\t<\/div>\n\t\t\t\t\t\t\t<\/div>\n\t\t<\/section>\n\t\t\t\t\t<\/div>\n\t\t<\/div>\n\t\t\t\t\t\t\t<\/div>\n\t\t<\/section>\n\t\t\t\t\t\t\t<\/div>\n\t\t","protected":false},"excerpt":{"rendered":"<p>Apuntes sobre su vida El fundador de nuestra Familia religiosa es\u00a0Fray Luis Amig\u00f3 y Ferrer, Ofmcap. Naci\u00f3 el 17 de octubre de 1854 en Massamagrell (Valencia \u2013 Espa\u00f1a) y a lo largo de sus casi 80 a\u00f1os, vivi\u00f3 momentos delicados de la historia de Espa\u00f1a. Fue probado por la muerte prematura de sus padres durante [&hellip;]<\/p>\n","protected":false},"author":1,"featured_media":0,"parent":0,"menu_order":0,"comment_status":"closed","ping_status":"closed","template":"page-elementor.php","meta":{"om_disable_all_campaigns":false,"inline_featured_image":false,"_monsterinsights_skip_tracking":false,"_monsterinsights_sitenote_active":false,"_monsterinsights_sitenote_note":"","_monsterinsights_sitenote_category":0},"_links":{"self":[{"href":"http:\/\/terciariascapuchinasafrica.org\/index.php\/wp-json\/wp\/v2\/pages\/9137"}],"collection":[{"href":"http:\/\/terciariascapuchinasafrica.org\/index.php\/wp-json\/wp\/v2\/pages"}],"about":[{"href":"http:\/\/terciariascapuchinasafrica.org\/index.php\/wp-json\/wp\/v2\/types\/page"}],"author":[{"embeddable":true,"href":"http:\/\/terciariascapuchinasafrica.org\/index.php\/wp-json\/wp\/v2\/users\/1"}],"replies":[{"embeddable":true,"href":"http:\/\/terciariascapuchinasafrica.org\/index.php\/wp-json\/wp\/v2\/comments?post=9137"}],"version-history":[{"count":7,"href":"http:\/\/terciariascapuchinasafrica.org\/index.php\/wp-json\/wp\/v2\/pages\/9137\/revisions"}],"predecessor-version":[{"id":9382,"href":"http:\/\/terciariascapuchinasafrica.org\/index.php\/wp-json\/wp\/v2\/pages\/9137\/revisions\/9382"}],"wp:attachment":[{"href":"http:\/\/terciariascapuchinasafrica.org\/index.php\/wp-json\/wp\/v2\/media?parent=9137"}],"curies":[{"name":"wp","href":"https:\/\/api.w.org\/{rel}","templated":true}]}}