{"id":9138,"date":"2022-06-02T13:55:32","date_gmt":"2022-06-02T13:55:32","guid":{"rendered":"http:\/\/terciariascapuchinasafrica.org\/?page_id=9138"},"modified":"2022-06-05T15:56:38","modified_gmt":"2022-06-05T15:56:38","slug":"san-francisco-de-asis","status":"publish","type":"page","link":"http:\/\/terciariascapuchinasafrica.org\/index.php\/san-francisco-de-asis\/","title":{"rendered":"San Francisco de As\u00eds"},"content":{"rendered":"\t\t<div data-elementor-type=\"wp-post\" data-elementor-id=\"9138\" class=\"elementor elementor-9138\">\n\t\t\t\t\t\t\t\t\t<section class=\"elementor-section elementor-top-section elementor-element elementor-element-2589f6c elementor-section-stretched elementor-section-boxed elementor-section-height-default elementor-section-height-default\" data-id=\"2589f6c\" data-element_type=\"section\" data-settings=\"{&quot;stretch_section&quot;:&quot;section-stretched&quot;,&quot;background_background&quot;:&quot;classic&quot;}\">\n\t\t\t\t\t\t<div class=\"elementor-container elementor-column-gap-no\">\n\t\t\t\t\t<div class=\"elementor-column elementor-col-100 elementor-top-column elementor-element elementor-element-3f5f185\" data-id=\"3f5f185\" data-element_type=\"column\">\n\t\t\t<div class=\"elementor-widget-wrap elementor-element-populated\">\n\t\t\t\t\t\t\t\t<div class=\"elementor-element elementor-element-4aa685b elementor-align-left elementor-absolute elementor-widget elementor-widget-heading\" data-id=\"4aa685b\" data-element_type=\"widget\" data-settings=\"{&quot;_position&quot;:&quot;absolute&quot;}\" data-widget_type=\"heading.default\">\n\t\t\t\t<div class=\"elementor-widget-container\">\n\t\t\t<style>\/*! elementor - v3.6.4 - 13-04-2022 *\/\n.elementor-heading-title{padding:0;margin:0;line-height:1}.elementor-widget-heading .elementor-heading-title[class*=elementor-size-]>a{color:inherit;font-size:inherit;line-height:inherit}.elementor-widget-heading .elementor-heading-title.elementor-size-small{font-size:15px}.elementor-widget-heading .elementor-heading-title.elementor-size-medium{font-size:19px}.elementor-widget-heading .elementor-heading-title.elementor-size-large{font-size:29px}.elementor-widget-heading .elementor-heading-title.elementor-size-xl{font-size:39px}.elementor-widget-heading .elementor-heading-title.elementor-size-xxl{font-size:59px}<\/style><h2 class=\"elementor-heading-title elementor-size-default\">San Francisco de As\u00eds<\/h2>\t\t<\/div>\n\t\t\t\t<\/div>\n\t\t\t\t<section class=\"elementor-section elementor-inner-section elementor-element elementor-element-45b0617 elementor-section-boxed elementor-section-height-default elementor-section-height-default\" data-id=\"45b0617\" data-element_type=\"section\">\n\t\t\t\t\t\t<div class=\"elementor-container elementor-column-gap-no\">\n\t\t\t\t\t<div class=\"elementor-column elementor-col-100 elementor-inner-column elementor-element elementor-element-51df8b3\" data-id=\"51df8b3\" data-element_type=\"column\">\n\t\t\t<div class=\"elementor-widget-wrap elementor-element-populated\">\n\t\t\t\t\t\t\t\t<div class=\"elementor-element elementor-element-201338e elementor-widget elementor-widget-text-editor\" data-id=\"201338e\" data-element_type=\"widget\" data-widget_type=\"text-editor.default\">\n\t\t\t\t<div class=\"elementor-widget-container\">\n\t\t\t<style>\/*! elementor - v3.6.4 - 13-04-2022 *\/\n.elementor-widget-text-editor.elementor-drop-cap-view-stacked .elementor-drop-cap{background-color:#818a91;color:#fff}.elementor-widget-text-editor.elementor-drop-cap-view-framed .elementor-drop-cap{color:#818a91;border:3px solid;background-color:transparent}.elementor-widget-text-editor:not(.elementor-drop-cap-view-default) .elementor-drop-cap{margin-top:8px}.elementor-widget-text-editor:not(.elementor-drop-cap-view-default) .elementor-drop-cap-letter{width:1em;height:1em}.elementor-widget-text-editor .elementor-drop-cap{float:left;text-align:center;line-height:1;font-size:50px}.elementor-widget-text-editor .elementor-drop-cap-letter{display:inline-block}<\/style>        <div class=\"elementor-text-editor elementor-clearfix\"><div class=\"elementor-element elementor-element-6dfac4f elementor-widget elementor-widget-image\" data-id=\"6dfac4f\" data-element_type=\"widget\" data-widget_type=\"image.default\"><div class=\"elementor-widget-container\"><div class=\"elementor-image\"><img title=\"San-Francisco-Cimabue-1-765\u00d71024\" src=\"https:\/\/terciariascapuchinasnazaret.org\/wp-content\/uploads\/elementor\/thumbs\/San-Francisco-Cimabue-1-765x1024-p1ssnfjssbxxb4skk0ze76jrm7i601i86uo0sfwheq.jpg\" alt=\"San-Francisco-Cimabue-1-765x1024\" \/><\/div><\/div><\/div><div class=\"elementor-element elementor-element-c1f4175 elementor-widget elementor-widget-text-editor\" data-id=\"c1f4175\" data-element_type=\"widget\" data-widget_type=\"text-editor.default\"><div class=\"elementor-widget-container\"><div class=\"elementor-text-editor elementor-clearfix\"><h4><strong>Francisco de As\u00eds y rasgos de su espiritualidad<\/strong><\/h4><p>Como familia religiosa perteneciente a la Familia franciscana y por a\u00f1adidura capuchina, Francisco de As\u00eds (1181-1226) es el inspirador de nuestra forma de vida. Este hombre que, en plena Edad Media, hizo del Evangelio su \u00fanica regla de vida, lanz\u00f3 al mundo un mensaje nuevo que sigue teniendo eco en cada \u00e9poca hist\u00f3rica.<\/p><p>Francisco, ten\u00eda delante de s\u00ed un futuro que muchos hubieran deseado tener pero, fascinado por Cristo y su Evangelio, decidi\u00f3 caminar a contracorriente: mientras todos so\u00f1aban con subir la pir\u00e1mide social y llegar a ser \u201cmayores\u201d, \u00e9l opt\u00f3 por compartir la vida de los \u201cmenores\u201d de la sociedad de su tiempo y crear con ellos fraternidad; mientras muchos de sus amigos se esforzaban por enriquecerse, \u00e9l se despos\u00f3 con \u201cDama Pobreza\u201d teniendo como ejemplo a \u201cCristo y su Madre pobrecilla\u201d y, mientras a su alrededor soplaban vientos de guerra, \u00e9l deseaba a todos paz y bien. Despojado de todo por amor de Cristo, se revisti\u00f3 de la riqueza de la fe, de la confianza en la Providencia, de humildad y simplicidad; se sent\u00eda hermano de todas las criaturas y esto lo llev\u00f3 a vivir la perfecta alegr\u00eda del Evangelio. Su comuni\u00f3n con el Se\u00f1or hizo de Francisco un hombre contemplativo, capaz de mirar al mundo con los ojos de Dios y acercarse a los hermanos con actitud de misericordia.<\/p><p>Estos rasgos de la vida y experiencia espiritual de Francisco de As\u00eds, que caracterizaron tambi\u00e9n la de Clara, rostro femenino del franciscanismo, fundamentan nuestra vida de mujeres consagradas que tienen a Dios como su \u00fanico bien (Const. 2).<\/p><h4><strong>FRANCISCO Y LUIS AMIG\u00d3:<\/strong><\/h4><p>Son fuente de autenticidad evang\u00e9lica, escuela de fraternidad, testigos de la misericordia del Padre con los alejados, dos vidas que desde la sencillez y la pobreza, la mansedumbre, el servicio y el sentido providencial nos hablan de la grandeza de Dios.<\/p><p>El P. Luis Amig\u00f3 recordaba con frecuencia a sus dos fundaciones su pertenencia a la gran familia franciscana. \u00c9l, unido estrechamente al testimonio de San Francisco de As\u00eds, quiso que sus nuevas fundaciones, que centraban \u00ablo franciscano\u00bb en la infancia y juventud desviada del camino de la verdad y del bien, tuvieran en la ra\u00edz de su espiritualidad el seguimiento de Cristo al estilo de Francisco.<\/p><p>Las Terciarias Capuchinas pertenecemos a la Tercera Orden Regular. San Francisco prepar\u00f3 la Primera Orden: los Franciscanos (OFM), los Conventuales (OFM.Conv) y los Capuchinos (OFM.Cap). Despu\u00e9s, la Segunda Orden, con el apoyo de Santa Clara de As\u00eds: las Clarisas y Capuchinas (de vida contemplativa). Por \u00faltimo, fund\u00f3 la Tercera Orden Seglar, para los seguidores laicos de San Francisco.<\/p><p>Con el tiempo, naci\u00f3 de la tercera regla la Tercera Orden Regular. A finales del siglo XIX y comienzos del siglo XX, surgieron m\u00e1s familias franciscanas que la Santa Sede incorpor\u00f3 a la Tercera Regla para los Consagrados. Las Terciarias y Terciarios, con su aprobaci\u00f3n pontificia en 1902, fueron incorporados a esta tercera regla de vida. De ah\u00ed el nombre oficial de las Congregaciones: Religiosos Terciarios Capuchinos de Nuestra Se\u00f1ora de los Dolores (T.C.) y Hermanas Terciarias Capuchinas de la Sagrada Familia (H.T.C.)<\/p><h4><strong>Breve biograf\u00eda de San Francisco de As\u00eds<\/strong><\/h4><p>Nacido en 1182 en As\u00eds, era hijo de Pedro Bernardone y de Mona Pica. Hasta los 24 a\u00f1os llev\u00f3 una vida muy disipada, pero un d\u00eda cay\u00f3 enfermo y decidi\u00f3 cambiar, aunque pronto lo olvid\u00f3. Por designios eternos, a San Francisco le cupo la dicha de iniciar la reforma de la Iglesia. Entr\u00f3 un d\u00eda en la Iglesia de San Dami\u00e1n y oy\u00f3 la voz de Cristo, a trav\u00e9s de un crucifijo, dici\u00e9ndole: \u00abFrancisco, repara mi Iglesia, que, como ves, amenaza ruina\u00bb. El cre\u00eda que se trataba de aquella Iglesia material y casi derruida y \u00e9l se dispuso de inmediato a la tarea. Pero no era esa tarea la que Dios le encomendaba, sino otra mejor pero m\u00e1s dif\u00edcil y de gran trascendencia: reparar la Iglesia Espiritual de Cristo que, en aquel tiempo, amenazaba ruina. \u00bfC\u00f3mo lo hizo? Con humildad y oraci\u00f3n. A partir de aquel entonces Francisco ya no ser\u00eda el mismo.<\/p><p>Su padre, al ver su cambio, lo recoge y lo encierra en casa. Francisco tira por la ventana los pa\u00f1os de su padre, que lo arrastra ante el Obispo para castigarle. Y Francisco dice: \u00abEn adelante s\u00f3lo dir\u00e9, \u2018Padre Nuestro que est\u00e1s en los Cielos\u2019, no \u2018padre Bernardone\u2019, pues le devuelvo dinero y vestidos\u00bb. Y se march\u00f3.<\/p><p>Su vocaci\u00f3n surgi\u00f3 en la fiesta de San Mat\u00edas. Al o\u00edr en el Evangelio que los servidores de Cristo no deb\u00edan poseer oro ni plata, ni alforja, ni calzado ni dos t\u00fanicas, exclam\u00f3: \u00abEsto es lo que yo buscaba y lo que quiero cumplir\u00bb. Y se decidi\u00f3 a seguir en todo y al pie de la letra el Evangelio y los pasos de Nuestro Se\u00f1or. Le siguieron disc\u00edpulos y una noble doncella, Clara.<\/p><p>Este fue el mensaje de Francisco: reproducir en todo la vida de Jes\u00fas, vivir su pobreza, imitar sus pasos y doctrinas. \u00abEl mismo Dios me revel\u00f3, -dice su Testamento- que deb\u00eda vivir seg\u00fan la norma del santo Evangelio\u00bb. Seg\u00fan las \u00abFlorecillas\u00bb, Cristo quiso renovar su Vida y Pasi\u00f3n en Francisco. El eligi\u00f3 doce compa\u00f1eros como Jes\u00fas y, al morir, mand\u00f3 traer unos panes, los bendijo y los reparti\u00f3.<\/p><p>En Greccio comenz\u00f3 la devoci\u00f3n del \u00abPesebre\u00bb. En 1224, un \u00e1ngel ser\u00e1fico le imprimi\u00f3 con indescriptible hermosura las cinco llagas de las manos, los pies y el costado de Cristo, viviendo en sus \u00faltimos a\u00f1os una vida realmente crucificada. Tuvo un gran amor a la Virgen, amor que extendi\u00f3 a todos los hombres. Mimaba a los enfermos y besaba a los leprosos. Ampliaba tambi\u00e9n el amor a los animales y les hablaba con cari\u00f1o. Viv\u00eda y recomendaba la oraci\u00f3n prolongada, la obediencia, la hospitalidad, la alegr\u00eda -\u00a1la perfecta alegr\u00eda!- y la humildad, hasta el punto de no querer pasar de di\u00e1cono. Era enemigo de discutir y le rogaba a Dios: \u00ab\u00a1Se\u00f1or, hazme instrumento de tu paz!\u00bb Amaba sobre todo la sant\u00edsima pobreza, la Dama Pobreza, tanto que pidi\u00f3 al Papa en Roma les concediera ese g\u00e9nero de vida.<\/p><p>Casi ciego ya por la mucha penitencia y el continuo llorar, vio que le llegaba la muerte. \u00abSea bienvenida mi hermana la muerte\u00bb, exclam\u00f3. Muri\u00f3 en la Porci\u00fancula, el 4 de octubre de 1226, a los 44 a\u00f1os de edad. Fue canonizado dos a\u00f1os despu\u00e9s en As\u00eds por el Papa Gregorio IX. Dos a\u00f1os m\u00e1s tarde fueron trasladados sus restos a su Bas\u00edlica, tan hermosamente decorada por los frescos de Giotto.<\/p><\/div><\/div><\/div><\/div>\n        \t\t<\/div>\n\t\t\t\t<\/div>\n\t\t\t\t\t<\/div>\n\t\t<\/div>\n\t\t\t\t\t\t\t<\/div>\n\t\t<\/section>\n\t\t\t\t\t<\/div>\n\t\t<\/div>\n\t\t\t\t\t\t\t<\/div>\n\t\t<\/section>\n\t\t\t\t\t\t\t<\/div>\n\t\t","protected":false},"excerpt":{"rendered":"<p>San Francisco de As\u00eds Francisco de As\u00eds y rasgos de su espiritualidad Como familia religiosa perteneciente a la Familia franciscana y por a\u00f1adidura capuchina, Francisco de As\u00eds (1181-1226) es el inspirador de nuestra forma de vida. Este hombre que, en plena Edad Media, hizo del Evangelio su \u00fanica regla de vida, lanz\u00f3 al mundo un [&hellip;]<\/p>\n","protected":false},"author":1,"featured_media":0,"parent":0,"menu_order":0,"comment_status":"closed","ping_status":"closed","template":"page-elementor.php","meta":{"om_disable_all_campaigns":false,"inline_featured_image":false,"_monsterinsights_skip_tracking":false,"_monsterinsights_sitenote_active":false,"_monsterinsights_sitenote_note":"","_monsterinsights_sitenote_category":0},"_links":{"self":[{"href":"http:\/\/terciariascapuchinasafrica.org\/index.php\/wp-json\/wp\/v2\/pages\/9138"}],"collection":[{"href":"http:\/\/terciariascapuchinasafrica.org\/index.php\/wp-json\/wp\/v2\/pages"}],"about":[{"href":"http:\/\/terciariascapuchinasafrica.org\/index.php\/wp-json\/wp\/v2\/types\/page"}],"author":[{"embeddable":true,"href":"http:\/\/terciariascapuchinasafrica.org\/index.php\/wp-json\/wp\/v2\/users\/1"}],"replies":[{"embeddable":true,"href":"http:\/\/terciariascapuchinasafrica.org\/index.php\/wp-json\/wp\/v2\/comments?post=9138"}],"version-history":[{"count":10,"href":"http:\/\/terciariascapuchinasafrica.org\/index.php\/wp-json\/wp\/v2\/pages\/9138\/revisions"}],"predecessor-version":[{"id":9395,"href":"http:\/\/terciariascapuchinasafrica.org\/index.php\/wp-json\/wp\/v2\/pages\/9138\/revisions\/9395"}],"wp:attachment":[{"href":"http:\/\/terciariascapuchinasafrica.org\/index.php\/wp-json\/wp\/v2\/media?parent=9138"}],"curies":[{"name":"wp","href":"https:\/\/api.w.org\/{rel}","templated":true}]}}