{"id":9140,"date":"2022-06-02T13:56:46","date_gmt":"2022-06-02T13:56:46","guid":{"rendered":"http:\/\/terciariascapuchinasafrica.org\/?page_id=9140"},"modified":"2022-06-05T16:01:05","modified_gmt":"2022-06-05T16:01:05","slug":"nuestras-martires","status":"publish","type":"page","link":"http:\/\/terciariascapuchinasafrica.org\/index.php\/nuestras-martires\/","title":{"rendered":"Nuestras M\u00e1rtires"},"content":{"rendered":"\t\t<div data-elementor-type=\"wp-post\" data-elementor-id=\"9140\" class=\"elementor elementor-9140\">\n\t\t\t\t\t\t\t\t\t<section class=\"elementor-section elementor-top-section elementor-element elementor-element-2589f6c elementor-section-stretched elementor-section-boxed elementor-section-height-default elementor-section-height-default\" data-id=\"2589f6c\" data-element_type=\"section\" data-settings=\"{&quot;stretch_section&quot;:&quot;section-stretched&quot;,&quot;background_background&quot;:&quot;classic&quot;}\">\n\t\t\t\t\t\t<div class=\"elementor-container elementor-column-gap-no\">\n\t\t\t\t\t<div class=\"elementor-column elementor-col-100 elementor-top-column elementor-element elementor-element-3f5f185\" data-id=\"3f5f185\" data-element_type=\"column\">\n\t\t\t<div class=\"elementor-widget-wrap elementor-element-populated\">\n\t\t\t\t\t\t\t\t<div class=\"elementor-element elementor-element-4aa685b elementor-align-left elementor-absolute elementor-widget elementor-widget-heading\" data-id=\"4aa685b\" data-element_type=\"widget\" data-settings=\"{&quot;_position&quot;:&quot;absolute&quot;}\" data-widget_type=\"heading.default\">\n\t\t\t\t<div class=\"elementor-widget-container\">\n\t\t\t<style>\/*! elementor - v3.6.4 - 13-04-2022 *\/\n.elementor-heading-title{padding:0;margin:0;line-height:1}.elementor-widget-heading .elementor-heading-title[class*=elementor-size-]>a{color:inherit;font-size:inherit;line-height:inherit}.elementor-widget-heading .elementor-heading-title.elementor-size-small{font-size:15px}.elementor-widget-heading .elementor-heading-title.elementor-size-medium{font-size:19px}.elementor-widget-heading .elementor-heading-title.elementor-size-large{font-size:29px}.elementor-widget-heading .elementor-heading-title.elementor-size-xl{font-size:39px}.elementor-widget-heading .elementor-heading-title.elementor-size-xxl{font-size:59px}<\/style><h2 class=\"elementor-heading-title elementor-size-default\">Nuestras Hermanas Beatas M\u00e1rtires<\/h2>\t\t<\/div>\n\t\t\t\t<\/div>\n\t\t\t\t<section class=\"elementor-section elementor-inner-section elementor-element elementor-element-45b0617 elementor-section-boxed elementor-section-height-default elementor-section-height-default\" data-id=\"45b0617\" data-element_type=\"section\">\n\t\t\t\t\t\t<div class=\"elementor-container elementor-column-gap-no\">\n\t\t\t\t\t<div class=\"elementor-column elementor-col-100 elementor-inner-column elementor-element elementor-element-51df8b3\" data-id=\"51df8b3\" data-element_type=\"column\">\n\t\t\t<div class=\"elementor-widget-wrap elementor-element-populated\">\n\t\t\t\t\t\t\t\t<div class=\"elementor-element elementor-element-201338e elementor-widget elementor-widget-text-editor\" data-id=\"201338e\" data-element_type=\"widget\" data-widget_type=\"text-editor.default\">\n\t\t\t\t<div class=\"elementor-widget-container\">\n\t\t\t<style>\/*! elementor - v3.6.4 - 13-04-2022 *\/\n.elementor-widget-text-editor.elementor-drop-cap-view-stacked .elementor-drop-cap{background-color:#818a91;color:#fff}.elementor-widget-text-editor.elementor-drop-cap-view-framed .elementor-drop-cap{color:#818a91;border:3px solid;background-color:transparent}.elementor-widget-text-editor:not(.elementor-drop-cap-view-default) .elementor-drop-cap{margin-top:8px}.elementor-widget-text-editor:not(.elementor-drop-cap-view-default) .elementor-drop-cap-letter{width:1em;height:1em}.elementor-widget-text-editor .elementor-drop-cap{float:left;text-align:center;line-height:1;font-size:50px}.elementor-widget-text-editor .elementor-drop-cap-letter{display:inline-block}<\/style>        <div class=\"elementor-text-editor elementor-clearfix\"><p>La guerra civil en Espa\u00f1a (1936 \u2013 1939) se caracteriz\u00f3 por una feroz persecuci\u00f3n religiosa que cost\u00f3 la vida a casi 12.000 cristianos; entre ellos sufrieron el martirio por odio de la fe cuatro hermanas nuestras: Rosario de Soano (1863-1936), Serafina de Ochovi (1872-1936), Francisca Javier de Rafelbu\u00f1ol ((1901-1936) y Aurelia de Valencia (1884-1936).<\/p><p><img loading=\"lazy\" class=\"size-large wp-image-1419 aligncenter\" src=\"https:\/\/terciariascapuchinasnazaret.org\/wp-content\/uploads\/2021\/01\/Martires1-716x1024-716x1024.jpg\" sizes=\"(max-width: 640px) 100vw, 640px\" srcset=\"https:\/\/terciariascapuchinasnazaret.org\/wp-content\/uploads\/2021\/01\/Martires1-716x1024.jpg 716w, https:\/\/terciariascapuchinasnazaret.org\/wp-content\/uploads\/2021\/01\/Martires1-716x1024-210x300.jpg 210w\" alt=\"\" width=\"640\" height=\"915\" \/><\/p><p>\u00a0<\/p><p>Al estallar la guerra se encontraban en la zona de Valencia donde la persecuci\u00f3n era particularmente fuerte y, como hicieron tambi\u00e9n otras hermanas, salieron de la casa religiosa, ya ocupada por los soldados y buscaron refugio en sus propias familias o en otras, pero no pudieron escapar a la furia de los milicianos que ten\u00edan la orden de \u201cterminar con la religi\u00f3n\u201d. Las Hnas. Rosario y Serafina fueron fusiladas juntas el d\u00eda 23 de agosto de 1936 y la Hna. Francisca Javier, valenciana que se hab\u00eda refugiado en casa de sus padres, fue fusilada junto con su hermano sacerdote el 28 de septiembre del mismo a\u00f1o. Estas tres hermanas fueron beatificadas el 11 de marzo de 2001, junto con otros m\u00e1rtires de la misma persecuci\u00f3n. Ejecutaron tambi\u00e9n a la Hna. Aurelia de Valencia, pero no habiendo testimonio de su martirio, no se pudo introducir su causa de beatificaci\u00f3n.<\/p><p>A\u00fan en el secreto que siempre envuelve estos acontecimientos, nos han llegado algunos testimonios sobre el martirio de nuestras hermanas. Dicen que la Hna. Rosario, antes de su ejecuci\u00f3n, se quit\u00f3 el anillo de su alianza perpetua como consagrada y lo entreg\u00f3 a su verdugo dici\u00e9ndole: \u201cToma, te lo doy en se\u00f1al de que te perdono\u201d y el joven que lo recibi\u00f3, qued\u00f3 tan impresionado que devolvi\u00f3 el anillo a otra religiosa encarcelada. Un testigo que conoci\u00f3 a la Hna. Serafina afirma que, en los momentos dif\u00edciles de su vida, tend\u00eda a angustiarse pero otros afirmaron que, en las horas que precedieron a su ejecuci\u00f3n, se mantuvo firme y serena y, junto con la Hna. Rosario, muri\u00f3 gritando \u201c\u00a1Viva Cristo Rey!\u201d. La Hna. Francisca Javier, un d\u00eda, manifest\u00f3 a su mam\u00e1 su temor a la muerte y su misma madre la anim\u00f3 dici\u00e9ndole: \u201c\u00a1No tengas miedo! El Se\u00f1or te ayudar\u00e1 si llegara la ocasi\u00f3n. \u00a1Hija m\u00eda, no reniegues a Jesucristo que te quiere m\u00e1rtir!\u201d. Estas palabras le ayudaron a prepararse para enfrentar la muerte y, antes de caer bajo el disparo, grit\u00f3: \u201cQue Dios os perdone como yo os perdono\u201d.<\/p><\/div>\n        \t\t<\/div>\n\t\t\t\t<\/div>\n\t\t\t\t\t<\/div>\n\t\t<\/div>\n\t\t\t\t\t\t\t<\/div>\n\t\t<\/section>\n\t\t\t\t\t<\/div>\n\t\t<\/div>\n\t\t\t\t\t\t\t<\/div>\n\t\t<\/section>\n\t\t\t\t\t\t\t<\/div>\n\t\t","protected":false},"excerpt":{"rendered":"<p>Nuestras Hermanas Beatas M\u00e1rtires La guerra civil en Espa\u00f1a (1936 \u2013 1939) se caracteriz\u00f3 por una feroz persecuci\u00f3n religiosa que cost\u00f3 la vida a casi 12.000 cristianos; entre ellos sufrieron el martirio por odio de la fe cuatro hermanas nuestras: Rosario de Soano (1863-1936), Serafina de Ochovi (1872-1936), Francisca Javier de Rafelbu\u00f1ol ((1901-1936) y Aurelia [&hellip;]<\/p>\n","protected":false},"author":1,"featured_media":0,"parent":0,"menu_order":0,"comment_status":"closed","ping_status":"closed","template":"page-elementor.php","meta":{"om_disable_all_campaigns":false,"inline_featured_image":false,"_monsterinsights_skip_tracking":false,"_monsterinsights_sitenote_active":false,"_monsterinsights_sitenote_note":"","_monsterinsights_sitenote_category":0},"_links":{"self":[{"href":"http:\/\/terciariascapuchinasafrica.org\/index.php\/wp-json\/wp\/v2\/pages\/9140"}],"collection":[{"href":"http:\/\/terciariascapuchinasafrica.org\/index.php\/wp-json\/wp\/v2\/pages"}],"about":[{"href":"http:\/\/terciariascapuchinasafrica.org\/index.php\/wp-json\/wp\/v2\/types\/page"}],"author":[{"embeddable":true,"href":"http:\/\/terciariascapuchinasafrica.org\/index.php\/wp-json\/wp\/v2\/users\/1"}],"replies":[{"embeddable":true,"href":"http:\/\/terciariascapuchinasafrica.org\/index.php\/wp-json\/wp\/v2\/comments?post=9140"}],"version-history":[{"count":10,"href":"http:\/\/terciariascapuchinasafrica.org\/index.php\/wp-json\/wp\/v2\/pages\/9140\/revisions"}],"predecessor-version":[{"id":9408,"href":"http:\/\/terciariascapuchinasafrica.org\/index.php\/wp-json\/wp\/v2\/pages\/9140\/revisions\/9408"}],"wp:attachment":[{"href":"http:\/\/terciariascapuchinasafrica.org\/index.php\/wp-json\/wp\/v2\/media?parent=9140"}],"curies":[{"name":"wp","href":"https:\/\/api.w.org\/{rel}","templated":true}]}}